{"id":3554,"date":"2025-05-13T15:15:20","date_gmt":"2025-05-13T13:15:20","guid":{"rendered":"https:\/\/avikeo.com\/?page_id=3554"},"modified":"2025-05-27T15:12:34","modified_gmt":"2025-05-27T13:12:34","slug":"decouvrez-eugenie","status":"publish","type":"page","link":"https:\/\/avikeo.com\/index.php\/decouvrez-eugenie\/","title":{"rendered":"D\u00e9couvrez eug\u00e9nie chez avikeo"},"content":{"rendered":"\t\t<div data-elementor-type=\"wp-page\" data-elementor-id=\"3554\" class=\"elementor elementor-3554\" data-elementor-post-type=\"page\">\n\t\t\t\t\t\t<section class=\"elementor-section elementor-top-section elementor-element elementor-element-6606bc0 elementor-section-boxed elementor-section-height-default elementor-section-height-default\" data-id=\"6606bc0\" data-element_type=\"section\" data-e-type=\"section\">\n\t\t\t\t\t\t<div class=\"elementor-container elementor-column-gap-default\">\n\t\t\t\t\t<div class=\"elementor-column elementor-col-100 elementor-top-column elementor-element elementor-element-20c8e0f\" data-id=\"20c8e0f\" data-element_type=\"column\" data-e-type=\"column\">\n\t\t\t<div class=\"elementor-widget-wrap elementor-element-populated\">\n\t\t\t\t\t\t<div class=\"elementor-element elementor-element-53c5667 elementor-widget elementor-widget-spacer\" data-id=\"53c5667\" data-element_type=\"widget\" data-e-type=\"widget\" data-widget_type=\"spacer.default\">\n\t\t\t\t<div class=\"elementor-widget-container\">\n\t\t\t\t\t\t\t<div class=\"elementor-spacer\">\n\t\t\t<div class=\"elementor-spacer-inner\"><\/div>\n\t\t<\/div>\n\t\t\t\t\t\t<\/div>\n\t\t\t\t<\/div>\n\t\t\t\t\t<\/div>\n\t\t<\/div>\n\t\t\t\t\t<\/div>\n\t\t<\/section>\n\t\t\t\t<section class=\"elementor-section elementor-top-section elementor-element elementor-element-2f2d7d3 elementor-section-boxed elementor-section-height-default elementor-section-height-default\" data-id=\"2f2d7d3\" data-element_type=\"section\" data-e-type=\"section\">\n\t\t\t\t\t\t<div class=\"elementor-container elementor-column-gap-default\">\n\t\t\t\t\t<div class=\"elementor-column elementor-col-100 elementor-top-column elementor-element elementor-element-e590563\" data-id=\"e590563\" data-element_type=\"column\" data-e-type=\"column\" data-settings=\"{&quot;background_background&quot;:&quot;classic&quot;}\">\n\t\t\t<div class=\"elementor-widget-wrap elementor-element-populated\">\n\t\t\t\t\t\t<section class=\"elementor-section elementor-inner-section elementor-element elementor-element-3bbddef elementor-section-boxed elementor-section-height-default elementor-section-height-default\" data-id=\"3bbddef\" data-element_type=\"section\" data-e-type=\"section\">\n\t\t\t\t\t\t<div class=\"elementor-container elementor-column-gap-default\">\n\t\t\t\t\t<div class=\"elementor-column elementor-col-50 elementor-inner-column elementor-element elementor-element-4faa116\" data-id=\"4faa116\" data-element_type=\"column\" data-e-type=\"column\">\n\t\t\t<div class=\"elementor-widget-wrap elementor-element-populated\">\n\t\t\t\t\t\t<div class=\"elementor-element elementor-element-e3abe13 elementor-widget__width-initial elementor-widget elementor-widget-image\" data-id=\"e3abe13\" data-element_type=\"widget\" data-e-type=\"widget\" data-widget_type=\"image.default\">\n\t\t\t\t<div class=\"elementor-widget-container\">\n\t\t\t\t\t\t\t\t\t\t\t\t\t\t\t<img fetchpriority=\"high\" decoding=\"async\" width=\"1920\" height=\"2560\" src=\"https:\/\/avikeo.com\/wp-content\/uploads\/2025\/05\/IMG_4899-scaled.jpg\" class=\"attachment-full size-full wp-image-3556\" alt=\"Voici une image d&#039;une collaboratrice de Avikeo\" srcset=\"https:\/\/avikeo.com\/wp-content\/uploads\/2025\/05\/IMG_4899-scaled.jpg 1920w, https:\/\/avikeo.com\/wp-content\/uploads\/2025\/05\/IMG_4899-225x300.jpg 225w, https:\/\/avikeo.com\/wp-content\/uploads\/2025\/05\/IMG_4899-768x1024.jpg 768w, https:\/\/avikeo.com\/wp-content\/uploads\/2025\/05\/IMG_4899-1152x1536.jpg 1152w, https:\/\/avikeo.com\/wp-content\/uploads\/2025\/05\/IMG_4899-1536x2048.jpg 1536w, https:\/\/avikeo.com\/wp-content\/uploads\/2025\/05\/IMG_4899-960x1280.jpg 960w, https:\/\/avikeo.com\/wp-content\/uploads\/2025\/05\/IMG_4899-360x480.jpg 360w, https:\/\/avikeo.com\/wp-content\/uploads\/2025\/05\/IMG_4899-373x497.jpg 373w, https:\/\/avikeo.com\/wp-content\/uploads\/2025\/05\/IMG_4899-60x80.jpg 60w, https:\/\/avikeo.com\/wp-content\/uploads\/2025\/05\/IMG_4899-620x827.jpg 620w, https:\/\/avikeo.com\/wp-content\/uploads\/2025\/05\/IMG_4899-460x613.jpg 460w, https:\/\/avikeo.com\/wp-content\/uploads\/2025\/05\/IMG_4899-365x487.jpg 365w, https:\/\/avikeo.com\/wp-content\/uploads\/2025\/05\/IMG_4899-300x400.jpg 300w\" sizes=\"(max-width: 1920px) 100vw, 1920px\" \/>\t\t\t\t\t\t\t\t\t\t\t\t\t\t\t<\/div>\n\t\t\t\t<\/div>\n\t\t\t\t\t<\/div>\n\t\t<\/div>\n\t\t\t\t<div class=\"elementor-column elementor-col-50 elementor-inner-column elementor-element elementor-element-d5b73fe\" data-id=\"d5b73fe\" data-element_type=\"column\" data-e-type=\"column\">\n\t\t\t<div class=\"elementor-widget-wrap elementor-element-populated\">\n\t\t\t\t\t\t<div class=\"elementor-element elementor-element-e550b60 elementor-widget elementor-widget-spacer\" data-id=\"e550b60\" data-element_type=\"widget\" data-e-type=\"widget\" data-widget_type=\"spacer.default\">\n\t\t\t\t<div class=\"elementor-widget-container\">\n\t\t\t\t\t\t\t<div class=\"elementor-spacer\">\n\t\t\t<div class=\"elementor-spacer-inner\"><\/div>\n\t\t<\/div>\n\t\t\t\t\t\t<\/div>\n\t\t\t\t<\/div>\n\t\t\t\t<div class=\"elementor-element elementor-element-48aa806 elementor-widget__width-inherit elementor-widget elementor-widget-heading\" data-id=\"48aa806\" data-element_type=\"widget\" data-e-type=\"widget\" data-widget_type=\"heading.default\">\n\t\t\t\t<div class=\"elementor-widget-container\">\n\t\t\t\t\t<h2 class=\"elementor-heading-title elementor-size-default\">Rencontre avec Eug\u00e9nie<\/h2>\t\t\t\t<\/div>\n\t\t\t\t<\/div>\n\t\t\t\t<div class=\"elementor-element elementor-element-d437dc9 elementor-widget__width-inherit elementor-widget elementor-widget-heading\" data-id=\"d437dc9\" data-element_type=\"widget\" data-e-type=\"widget\" data-widget_type=\"heading.default\">\n\t\t\t\t<div class=\"elementor-widget-container\">\n\t\t\t\t\t<h1 class=\"elementor-heading-title elementor-size-default\">Un sourire, une passion : d\u00e9couvrez Eug\u00e9nie<\/h1>\t\t\t\t<\/div>\n\t\t\t\t<\/div>\n\t\t\t\t<div class=\"elementor-element elementor-element-2d0ae9e elementor-widget elementor-widget-text-editor\" data-id=\"2d0ae9e\" data-element_type=\"widget\" data-e-type=\"widget\" data-widget_type=\"text-editor.default\">\n\t\t\t\t<div class=\"elementor-widget-container\">\n\t\t\t\t\t\t\t\t\t<blockquote data-start=\"\" data-end=\"1000\">Chez Avikeo, Eug\u00e9nie incarne l&rsquo;enthousiasme et le professionnalisme au quotidien.<br data-start=\"866\" data-end=\"869\" \/>Plongez dans son univers \u00e0 travers une courte vid\u00e9o o\u00f9 elle partage son parcours, ses missions et sa vision du travail en \u00e9quipe.<\/blockquote>\t\t\t\t\t\t\t\t<\/div>\n\t\t\t\t<\/div>\n\t\t\t\t\t<\/div>\n\t\t<\/div>\n\t\t\t\t\t<\/div>\n\t\t<\/section>\n\t\t\t\t\t<\/div>\n\t\t<\/div>\n\t\t\t\t\t<\/div>\n\t\t<\/section>\n\t\t\t\t<section class=\"elementor-section elementor-top-section elementor-element elementor-element-368e3b7 elementor-section-boxed elementor-section-height-default elementor-section-height-default\" data-id=\"368e3b7\" data-element_type=\"section\" data-e-type=\"section\">\n\t\t\t\t\t\t<div class=\"elementor-container elementor-column-gap-default\">\n\t\t\t\t\t<div class=\"elementor-column elementor-col-100 elementor-top-column elementor-element elementor-element-0c2cf50\" data-id=\"0c2cf50\" data-element_type=\"column\" data-e-type=\"column\">\n\t\t\t<div class=\"elementor-widget-wrap elementor-element-populated\">\n\t\t\t\t\t\t<div class=\"elementor-element elementor-element-046e44a elementor-widget elementor-widget-spacer\" data-id=\"046e44a\" data-element_type=\"widget\" data-e-type=\"widget\" data-widget_type=\"spacer.default\">\n\t\t\t\t<div class=\"elementor-widget-container\">\n\t\t\t\t\t\t\t<div class=\"elementor-spacer\">\n\t\t\t<div class=\"elementor-spacer-inner\"><\/div>\n\t\t<\/div>\n\t\t\t\t\t\t<\/div>\n\t\t\t\t<\/div>\n\t\t\t\t\t<\/div>\n\t\t<\/div>\n\t\t\t\t\t<\/div>\n\t\t<\/section>\n\t\t\t\t<section class=\"elementor-section elementor-top-section elementor-element elementor-element-8899fd6 elementor-section-boxed elementor-section-height-default elementor-section-height-default\" data-id=\"8899fd6\" data-element_type=\"section\" data-e-type=\"section\">\n\t\t\t\t\t\t<div class=\"elementor-container elementor-column-gap-default\">\n\t\t\t\t\t<div class=\"elementor-column elementor-col-100 elementor-top-column elementor-element elementor-element-b64c560\" data-id=\"b64c560\" data-element_type=\"column\" data-e-type=\"column\">\n\t\t\t<div class=\"elementor-widget-wrap elementor-element-populated\">\n\t\t\t\t\t\t<section class=\"elementor-section elementor-inner-section elementor-element elementor-element-aa27251 elementor-section-boxed elementor-section-height-default elementor-section-height-default\" data-id=\"aa27251\" data-element_type=\"section\" data-e-type=\"section\">\n\t\t\t\t\t\t<div class=\"elementor-container elementor-column-gap-default\">\n\t\t\t\t\t<div class=\"elementor-column elementor-col-33 elementor-inner-column elementor-element elementor-element-a98725b\" data-id=\"a98725b\" data-element_type=\"column\" data-e-type=\"column\">\n\t\t\t<div class=\"elementor-widget-wrap elementor-element-populated\">\n\t\t\t\t\t\t<div class=\"elementor-element elementor-element-bf45154 elementor-widget elementor-widget-heading\" data-id=\"bf45154\" data-element_type=\"widget\" data-e-type=\"widget\" data-widget_type=\"heading.default\">\n\t\t\t\t<div class=\"elementor-widget-container\">\n\t\t\t\t\t<h2 class=\"elementor-heading-title elementor-size-default\">\ud83c\udf1f Une experte \u00e0 l'\u00e9coute de vos besoins<\/h2>\t\t\t\t<\/div>\n\t\t\t\t<\/div>\n\t\t\t\t<div class=\"elementor-element elementor-element-fbf5bee elementor-widget elementor-widget-text-editor\" data-id=\"fbf5bee\" data-element_type=\"widget\" data-e-type=\"widget\" data-widget_type=\"text-editor.default\">\n\t\t\t\t<div class=\"elementor-widget-container\">\n\t\t\t\t\t\t\t\t\t<p>Depuis 2018, Eug\u00e9nie accompagne les clients d&rsquo;Avikeo dans l&rsquo;expression de leurs besoins, en veillant \u00e0 proposer des solutions sur mesure adapt\u00e9es \u00e0 leurs attentes.<\/p>\t\t\t\t\t\t\t\t<\/div>\n\t\t\t\t<\/div>\n\t\t\t\t\t<\/div>\n\t\t<\/div>\n\t\t\t\t<div class=\"elementor-column elementor-col-33 elementor-inner-column elementor-element elementor-element-aa8023a\" data-id=\"aa8023a\" data-element_type=\"column\" data-e-type=\"column\">\n\t\t\t<div class=\"elementor-widget-wrap elementor-element-populated\">\n\t\t\t\t\t\t<div class=\"elementor-element elementor-element-c86c38d elementor-widget elementor-widget-heading\" data-id=\"c86c38d\" data-element_type=\"widget\" data-e-type=\"widget\" data-widget_type=\"heading.default\">\n\t\t\t\t<div class=\"elementor-widget-container\">\n\t\t\t\t\t<h2 class=\"elementor-heading-title elementor-size-default\">\ud83e\udd1d Une collaboratrice engag\u00e9e et bienveillante<\/h2>\t\t\t\t<\/div>\n\t\t\t\t<\/div>\n\t\t\t\t<div class=\"elementor-element elementor-element-36e2fb1 elementor-widget elementor-widget-text-editor\" data-id=\"36e2fb1\" data-element_type=\"widget\" data-e-type=\"widget\" data-widget_type=\"text-editor.default\">\n\t\t\t\t<div class=\"elementor-widget-container\">\n\t\t\t\t\t\t\t\t\t<p><span class=\"relative -mx-px my-[-0.2rem] rounded px-px py-[0.2rem] transition-colors duration-100 ease-in-out\">Eug\u00e9nie appr\u00e9cie particuli\u00e8rement l&rsquo;ambiance conviviale et l&rsquo;esprit d&rsquo;\u00e9quipe qui r\u00e8gnent chez Avikeo.<\/span> <span class=\"relative -mx-px my-[-0.2rem] rounded px-px py-[0.2rem] transition-colors duration-100 ease-in-out\">Elle souligne l&rsquo;importance d&rsquo;une \u00e9quipe sympathique et ouverte, o\u00f9 chacun est \u00e0 l&rsquo;\u00e9coute de l&rsquo;autre<\/span><\/p>\t\t\t\t\t\t\t\t<\/div>\n\t\t\t\t<\/div>\n\t\t\t\t\t<\/div>\n\t\t<\/div>\n\t\t\t\t<div class=\"elementor-column elementor-col-33 elementor-inner-column elementor-element elementor-element-9257a7e\" data-id=\"9257a7e\" data-element_type=\"column\" data-e-type=\"column\">\n\t\t\t<div class=\"elementor-widget-wrap elementor-element-populated\">\n\t\t\t\t\t\t<div class=\"elementor-element elementor-element-09c08f2 elementor-widget elementor-widget-heading\" data-id=\"09c08f2\" data-element_type=\"widget\" data-e-type=\"widget\" data-widget_type=\"heading.default\">\n\t\t\t\t<div class=\"elementor-widget-container\">\n\t\t\t\t\t<h2 class=\"elementor-heading-title elementor-size-default\">\ud83c\udfaf Une passionn\u00e9e de projets vari\u00e9s<\/h2>\t\t\t\t<\/div>\n\t\t\t\t<\/div>\n\t\t\t\t<div class=\"elementor-element elementor-element-181199e elementor-widget elementor-widget-text-editor\" data-id=\"181199e\" data-element_type=\"widget\" data-e-type=\"widget\" data-widget_type=\"text-editor.default\">\n\t\t\t\t<div class=\"elementor-widget-container\">\n\t\t\t\t\t\t\t\t\t<p>Ce qui motive Eug\u00e9nie au quotidien, c&rsquo;est la diversit\u00e9 des projets sur lesquels elle intervient. Elle trouve dans chaque mission une source d&rsquo;apprentissage et de satisfaction professionnelle.<\/p>\t\t\t\t\t\t\t\t<\/div>\n\t\t\t\t<\/div>\n\t\t\t\t\t<\/div>\n\t\t<\/div>\n\t\t\t\t\t<\/div>\n\t\t<\/section>\n\t\t\t\t\t<\/div>\n\t\t<\/div>\n\t\t\t\t\t<\/div>\n\t\t<\/section>\n\t\t\t\t<section class=\"elementor-section elementor-top-section elementor-element elementor-element-f298e86 elementor-section-boxed elementor-section-height-default elementor-section-height-default\" data-id=\"f298e86\" data-element_type=\"section\" data-e-type=\"section\">\n\t\t\t\t\t\t<div class=\"elementor-container elementor-column-gap-default\">\n\t\t\t\t\t<div class=\"elementor-column elementor-col-100 elementor-top-column elementor-element elementor-element-dbb0add\" data-id=\"dbb0add\" data-element_type=\"column\" data-e-type=\"column\">\n\t\t\t<div class=\"elementor-widget-wrap elementor-element-populated\">\n\t\t\t\t\t\t<div class=\"elementor-element elementor-element-cca6388 elementor-widget elementor-widget-heading\" data-id=\"cca6388\" data-element_type=\"widget\" data-e-type=\"widget\" data-widget_type=\"heading.default\">\n\t\t\t\t<div class=\"elementor-widget-container\">\n\t\t\t\t\t<h2 class=\"elementor-heading-title elementor-size-default\">Retrouvez l'interview de Eug\u00e9nie ici <\/h2>\t\t\t\t<\/div>\n\t\t\t\t<\/div>\n\t\t\t\t<div class=\"elementor-element elementor-element-08560a0 elementor-widget-divider--view-line_icon elementor-view-default elementor-widget-divider--element-align-center elementor-widget elementor-widget-divider\" data-id=\"08560a0\" data-element_type=\"widget\" data-e-type=\"widget\" data-widget_type=\"divider.default\">\n\t\t\t\t<div class=\"elementor-widget-container\">\n\t\t\t\t\t\t\t<div class=\"elementor-divider\">\n\t\t\t<span class=\"elementor-divider-separator\">\n\t\t\t\t\t\t\t<div class=\"elementor-icon elementor-divider__element\">\n\t\t\t\t\t<i aria-hidden=\"true\" class=\"fas fa-chevron-down\"><\/i><\/div>\n\t\t\t\t\t\t<\/span>\n\t\t<\/div>\n\t\t\t\t\t\t<\/div>\n\t\t\t\t<\/div>\n\t\t\t\t<div class=\"elementor-element elementor-element-07e07cc elementor-widget elementor-widget-video\" data-id=\"07e07cc\" data-element_type=\"widget\" data-e-type=\"widget\" data-settings=\"{&quot;youtube_url&quot;:&quot;https:\\\/\\\/youtu.be\\\/xHn2SzMX0HI?feature=shared&quot;,&quot;video_type&quot;:&quot;youtube&quot;,&quot;controls&quot;:&quot;yes&quot;}\" data-widget_type=\"video.default\">\n\t\t\t\t<div class=\"elementor-widget-container\">\n\t\t\t\t\t\t\t<div class=\"elementor-wrapper elementor-open-inline\">\n\t\t\t<div class=\"elementor-video\"><\/div>\t\t<\/div>\n\t\t\t\t\t\t<\/div>\n\t\t\t\t<\/div>\n\t\t\t\t\t<\/div>\n\t\t<\/div>\n\t\t\t\t\t<\/div>\n\t\t<\/section>\n\t\t\t\t<section class=\"elementor-section elementor-top-section elementor-element elementor-element-3541981 elementor-section-boxed elementor-section-height-default elementor-section-height-default\" data-id=\"3541981\" data-element_type=\"section\" data-e-type=\"section\">\n\t\t\t\t\t\t<div class=\"elementor-container elementor-column-gap-default\">\n\t\t\t\t\t<div class=\"elementor-column elementor-col-100 elementor-top-column elementor-element elementor-element-9f61633\" data-id=\"9f61633\" data-element_type=\"column\" data-e-type=\"column\">\n\t\t\t<div class=\"elementor-widget-wrap elementor-element-populated\">\n\t\t\t\t\t\t<div class=\"elementor-element elementor-element-d00deec elementor-widget elementor-widget-spacer\" data-id=\"d00deec\" data-element_type=\"widget\" data-e-type=\"widget\" data-widget_type=\"spacer.default\">\n\t\t\t\t<div class=\"elementor-widget-container\">\n\t\t\t\t\t\t\t<div class=\"elementor-spacer\">\n\t\t\t<div class=\"elementor-spacer-inner\"><\/div>\n\t\t<\/div>\n\t\t\t\t\t\t<\/div>\n\t\t\t\t<\/div>\n\t\t\t\t\t<\/div>\n\t\t<\/div>\n\t\t\t\t\t<\/div>\n\t\t<\/section>\n\t\t\t\t<\/div>\n\t\t","protected":false},"excerpt":{"rendered":"<p class=\"tx-excerpt\">Rencontre avec Eug\u00e9nie Un sourire, une passion : d\u00e9couvrez Eug\u00e9nie Chez Avikeo, Eug\u00e9nie incarne l&rsquo;enthousiasme et le professionnalisme au quotidien.Plongez dans son univers \u00e0 travers une courte vid\u00e9o o\u00f9 elle partage son parcours,","protected":false},"author":1,"featured_media":0,"parent":0,"menu_order":0,"comment_status":"closed","ping_status":"closed","template":"","meta":{"_monsterinsights_skip_tracking":false,"_monsterinsights_sitenote_active":false,"_monsterinsights_sitenote_note":"","_monsterinsights_sitenote_category":0,"footnotes":""},"class_list":["post-3554","page","type-page","status-publish","hentry"],"yoast_head":"<!-- This site is optimized with the Yoast SEO plugin v24.6 - https:\/\/yoast.com\/wordpress\/plugins\/seo\/ -->\n<title>D\u00e9couvrez eug\u00e9nie chez avikeo - Avikeo<\/title>\n<meta name=\"robots\" content=\"index, follow, max-snippet:-1, max-image-preview:large, max-video-preview:-1\" \/>\n<link rel=\"canonical\" href=\"https:\/\/avikeo.com\/index.php\/decouvrez-eugenie\/\" \/>\n<meta property=\"og:locale\" content=\"fr_FR\" \/>\n<meta property=\"og:type\" content=\"article\" \/>\n<meta property=\"og:title\" content=\"D\u00e9couvrez eug\u00e9nie chez avikeo - Avikeo\" \/>\n<meta property=\"og:description\" content=\"Rencontre avec Eug\u00e9nie Un sourire, une passion : d\u00e9couvrez Eug\u00e9nie Chez Avikeo, Eug\u00e9nie incarne l&rsquo;enthousiasme et le professionnalisme au quotidien.Plongez dans son univers \u00e0 travers une courte vid\u00e9o o\u00f9 elle partage son parcours, ses missions et sa vision du travail en \u00e9quipe. \ud83c\udf1f Une experte \u00e0 l&rsquo;\u00e9coute de vos besoins Depuis 2018, Eug\u00e9nie accompagne les [&hellip;]\" \/>\n<meta property=\"og:url\" content=\"https:\/\/avikeo.com\/index.php\/decouvrez-eugenie\/\" \/>\n<meta property=\"og:site_name\" content=\"Avikeo\" \/>\n<meta property=\"article:modified_time\" content=\"2025-05-27T13:12:34+00:00\" \/>\n<meta property=\"og:image\" content=\"https:\/\/avikeo.com\/wp-content\/uploads\/2025\/05\/IMG_4899-scaled.jpg\" \/>\n\t<meta property=\"og:image:width\" content=\"1920\" \/>\n\t<meta property=\"og:image:height\" content=\"2560\" \/>\n\t<meta property=\"og:image:type\" content=\"image\/jpeg\" \/>\n<meta name=\"twitter:card\" content=\"summary_large_image\" \/>\n<meta name=\"twitter:label1\" content=\"Dur\u00e9e de lecture estim\u00e9e\" \/>\n\t<meta name=\"twitter:data1\" content=\"1 minute\" \/>\n<script type=\"application\/ld+json\" class=\"yoast-schema-graph\">{\"@context\":\"https:\/\/schema.org\",\"@graph\":[{\"@type\":\"WebPage\",\"@id\":\"https:\/\/avikeo.com\/index.php\/decouvrez-eugenie\/\",\"url\":\"https:\/\/avikeo.com\/index.php\/decouvrez-eugenie\/\",\"name\":\"D\u00e9couvrez eug\u00e9nie chez avikeo - Avikeo\",\"isPartOf\":{\"@id\":\"https:\/\/avikeo.com\/#website\"},\"primaryImageOfPage\":{\"@id\":\"https:\/\/avikeo.com\/index.php\/decouvrez-eugenie\/#primaryimage\"},\"image\":{\"@id\":\"https:\/\/avikeo.com\/index.php\/decouvrez-eugenie\/#primaryimage\"},\"thumbnailUrl\":\"https:\/\/avikeo.com\/wp-content\/uploads\/2025\/05\/IMG_4899-scaled.jpg\",\"datePublished\":\"2025-05-13T13:15:20+00:00\",\"dateModified\":\"2025-05-27T13:12:34+00:00\",\"breadcrumb\":{\"@id\":\"https:\/\/avikeo.com\/index.php\/decouvrez-eugenie\/#breadcrumb\"},\"inLanguage\":\"fr-FR\",\"potentialAction\":[{\"@type\":\"ReadAction\",\"target\":[\"https:\/\/avikeo.com\/index.php\/decouvrez-eugenie\/\"]}]},{\"@type\":\"ImageObject\",\"inLanguage\":\"fr-FR\",\"@id\":\"https:\/\/avikeo.com\/index.php\/decouvrez-eugenie\/#primaryimage\",\"url\":\"https:\/\/avikeo.com\/wp-content\/uploads\/2025\/05\/IMG_4899-scaled.jpg\",\"contentUrl\":\"https:\/\/avikeo.com\/wp-content\/uploads\/2025\/05\/IMG_4899-scaled.jpg\",\"width\":1920,\"height\":2560,\"caption\":\"Voici une image d'une collaboratrice de Avikeo\"},{\"@type\":\"BreadcrumbList\",\"@id\":\"https:\/\/avikeo.com\/index.php\/decouvrez-eugenie\/#breadcrumb\",\"itemListElement\":[{\"@type\":\"ListItem\",\"position\":1,\"name\":\"Accueil\",\"item\":\"https:\/\/avikeo.com\/\"},{\"@type\":\"ListItem\",\"position\":2,\"name\":\"D\u00e9couvrez eug\u00e9nie chez avikeo\"}]},{\"@type\":\"WebSite\",\"@id\":\"https:\/\/avikeo.com\/#website\",\"url\":\"https:\/\/avikeo.com\/\",\"name\":\"Avikeo\",\"description\":\"Conseil et D\u00e9veloppement Digital\",\"publisher\":{\"@id\":\"https:\/\/avikeo.com\/#organization\"},\"inLanguage\":\"fr-FR\"},{\"@type\":\"Organization\",\"@id\":\"https:\/\/avikeo.com\/#organization\",\"name\":\"Avikeo\",\"url\":\"https:\/\/avikeo.com\/\",\"logo\":{\"@type\":\"ImageObject\",\"inLanguage\":\"fr-FR\",\"@id\":\"https:\/\/avikeo.com\/#\/schema\/logo\/image\/\",\"url\":\"https:\/\/avikeo.com\/wp-content\/uploads\/2022\/03\/base_logo_transparent_background.png\",\"contentUrl\":\"https:\/\/avikeo.com\/wp-content\/uploads\/2022\/03\/base_logo_transparent_background.png\",\"width\":3125,\"height\":1875,\"caption\":\"Avikeo\"},\"image\":{\"@id\":\"https:\/\/avikeo.com\/#\/schema\/logo\/image\/\"},\"sameAs\":[\"https:\/\/www.linkedin.com\/company\/avikeo\/about\/\"]}]}<\/script>\n<!-- \/ Yoast SEO plugin. -->","yoast_head_json":{"title":"D\u00e9couvrez eug\u00e9nie chez avikeo - Avikeo","robots":{"index":"index","follow":"follow","max-snippet":"max-snippet:-1","max-image-preview":"max-image-preview:large","max-video-preview":"max-video-preview:-1"},"canonical":"https:\/\/avikeo.com\/index.php\/decouvrez-eugenie\/","og_locale":"fr_FR","og_type":"article","og_title":"D\u00e9couvrez eug\u00e9nie chez avikeo - Avikeo","og_description":"Rencontre avec Eug\u00e9nie Un sourire, une passion : d\u00e9couvrez Eug\u00e9nie Chez Avikeo, Eug\u00e9nie incarne l&rsquo;enthousiasme et le professionnalisme au quotidien.Plongez dans son univers \u00e0 travers une courte vid\u00e9o o\u00f9 elle partage son parcours, ses missions et sa vision du travail en \u00e9quipe. \ud83c\udf1f Une experte \u00e0 l&rsquo;\u00e9coute de vos besoins Depuis 2018, Eug\u00e9nie accompagne les [&hellip;]","og_url":"https:\/\/avikeo.com\/index.php\/decouvrez-eugenie\/","og_site_name":"Avikeo","article_modified_time":"2025-05-27T13:12:34+00:00","og_image":[{"width":1920,"height":2560,"url":"https:\/\/avikeo.com\/wp-content\/uploads\/2025\/05\/IMG_4899-scaled.jpg","type":"image\/jpeg"}],"twitter_card":"summary_large_image","twitter_misc":{"Dur\u00e9e de lecture estim\u00e9e":"1 minute"},"schema":{"@context":"https:\/\/schema.org","@graph":[{"@type":"WebPage","@id":"https:\/\/avikeo.com\/index.php\/decouvrez-eugenie\/","url":"https:\/\/avikeo.com\/index.php\/decouvrez-eugenie\/","name":"D\u00e9couvrez eug\u00e9nie chez avikeo - Avikeo","isPartOf":{"@id":"https:\/\/avikeo.com\/#website"},"primaryImageOfPage":{"@id":"https:\/\/avikeo.com\/index.php\/decouvrez-eugenie\/#primaryimage"},"image":{"@id":"https:\/\/avikeo.com\/index.php\/decouvrez-eugenie\/#primaryimage"},"thumbnailUrl":"https:\/\/avikeo.com\/wp-content\/uploads\/2025\/05\/IMG_4899-scaled.jpg","datePublished":"2025-05-13T13:15:20+00:00","dateModified":"2025-05-27T13:12:34+00:00","breadcrumb":{"@id":"https:\/\/avikeo.com\/index.php\/decouvrez-eugenie\/#breadcrumb"},"inLanguage":"fr-FR","potentialAction":[{"@type":"ReadAction","target":["https:\/\/avikeo.com\/index.php\/decouvrez-eugenie\/"]}]},{"@type":"ImageObject","inLanguage":"fr-FR","@id":"https:\/\/avikeo.com\/index.php\/decouvrez-eugenie\/#primaryimage","url":"https:\/\/avikeo.com\/wp-content\/uploads\/2025\/05\/IMG_4899-scaled.jpg","contentUrl":"https:\/\/avikeo.com\/wp-content\/uploads\/2025\/05\/IMG_4899-scaled.jpg","width":1920,"height":2560,"caption":"Voici une image d'une collaboratrice de Avikeo"},{"@type":"BreadcrumbList","@id":"https:\/\/avikeo.com\/index.php\/decouvrez-eugenie\/#breadcrumb","itemListElement":[{"@type":"ListItem","position":1,"name":"Accueil","item":"https:\/\/avikeo.com\/"},{"@type":"ListItem","position":2,"name":"D\u00e9couvrez eug\u00e9nie chez avikeo"}]},{"@type":"WebSite","@id":"https:\/\/avikeo.com\/#website","url":"https:\/\/avikeo.com\/","name":"Avikeo","description":"Conseil et D\u00e9veloppement Digital","publisher":{"@id":"https:\/\/avikeo.com\/#organization"},"inLanguage":"fr-FR"},{"@type":"Organization","@id":"https:\/\/avikeo.com\/#organization","name":"Avikeo","url":"https:\/\/avikeo.com\/","logo":{"@type":"ImageObject","inLanguage":"fr-FR","@id":"https:\/\/avikeo.com\/#\/schema\/logo\/image\/","url":"https:\/\/avikeo.com\/wp-content\/uploads\/2022\/03\/base_logo_transparent_background.png","contentUrl":"https:\/\/avikeo.com\/wp-content\/uploads\/2022\/03\/base_logo_transparent_background.png","width":3125,"height":1875,"caption":"Avikeo"},"image":{"@id":"https:\/\/avikeo.com\/#\/schema\/logo\/image\/"},"sameAs":["https:\/\/www.linkedin.com\/company\/avikeo\/about\/"]}]}},"_links":{"self":[{"href":"https:\/\/avikeo.com\/index.php\/wp-json\/wp\/v2\/pages\/3554","targetHints":{"allow":["GET"]}}],"collection":[{"href":"https:\/\/avikeo.com\/index.php\/wp-json\/wp\/v2\/pages"}],"about":[{"href":"https:\/\/avikeo.com\/index.php\/wp-json\/wp\/v2\/types\/page"}],"author":[{"embeddable":true,"href":"https:\/\/avikeo.com\/index.php\/wp-json\/wp\/v2\/users\/1"}],"replies":[{"embeddable":true,"href":"https:\/\/avikeo.com\/index.php\/wp-json\/wp\/v2\/comments?post=3554"}],"version-history":[{"count":8,"href":"https:\/\/avikeo.com\/index.php\/wp-json\/wp\/v2\/pages\/3554\/revisions"}],"predecessor-version":[{"id":3694,"href":"https:\/\/avikeo.com\/index.php\/wp-json\/wp\/v2\/pages\/3554\/revisions\/3694"}],"wp:attachment":[{"href":"https:\/\/avikeo.com\/index.php\/wp-json\/wp\/v2\/media?parent=3554"}],"curies":[{"name":"wp","href":"https:\/\/api.w.org\/{rel}","templated":true}]}}