{"id":1885,"date":"2022-11-15T12:36:21","date_gmt":"2022-11-15T11:36:21","guid":{"rendered":"https:\/\/avikeo.com\/?page_id=1885"},"modified":"2025-03-14T10:44:54","modified_gmt":"2025-03-14T09:44:54","slug":"developpeur-java-back-full-stack","status":"publish","type":"page","link":"https:\/\/avikeo.com\/index.php\/developpeur-java-back-full-stack\/","title":{"rendered":"D\u00e9veloppeur Java Back \/ Full Stack H\/F &#8211; Alternance ou CDI"},"content":{"rendered":"\t\t<div data-elementor-type=\"wp-page\" data-elementor-id=\"1885\" class=\"elementor elementor-1885\" data-elementor-post-type=\"page\">\n\t\t\t\t\t\t<section class=\"elementor-section elementor-top-section elementor-element elementor-element-e0eff1a elementor-section-boxed elementor-section-height-default elementor-section-height-default\" data-id=\"e0eff1a\" data-element_type=\"section\" data-e-type=\"section\">\n\t\t\t\t\t\t<div class=\"elementor-container elementor-column-gap-default\">\n\t\t\t\t\t<div class=\"elementor-column elementor-col-100 elementor-top-column elementor-element elementor-element-99beeb8\" data-id=\"99beeb8\" data-element_type=\"column\" data-e-type=\"column\">\n\t\t\t<div class=\"elementor-widget-wrap elementor-element-populated\">\n\t\t\t\t\t\t<div class=\"elementor-element elementor-element-5c3b9da elementor-widget elementor-widget-heading\" data-id=\"5c3b9da\" data-element_type=\"widget\" data-e-type=\"widget\" data-widget_type=\"heading.default\">\n\t\t\t\t<div class=\"elementor-widget-container\">\n\t\t\t\t\t<h1 class=\"elementor-heading-title elementor-size-default\">D\u00e9veloppeur Java back \/ full stack (H\/F)<\/h1>\t\t\t\t<\/div>\n\t\t\t\t<\/div>\n\t\t\t\t<div class=\"elementor-element elementor-element-71f68b0 elementor-widget-divider--view-line_icon elementor-view-default elementor-widget-divider--element-align-center elementor-widget elementor-widget-divider\" data-id=\"71f68b0\" data-element_type=\"widget\" data-e-type=\"widget\" data-widget_type=\"divider.default\">\n\t\t\t\t<div class=\"elementor-widget-container\">\n\t\t\t\t\t\t\t<div class=\"elementor-divider\">\n\t\t\t<span class=\"elementor-divider-separator\">\n\t\t\t\t\t\t\t<div class=\"elementor-icon elementor-divider__element\">\n\t\t\t\t\t<i aria-hidden=\"true\" class=\"fas fa-angle-down\"><\/i><\/div>\n\t\t\t\t\t\t<\/span>\n\t\t<\/div>\n\t\t\t\t\t\t<\/div>\n\t\t\t\t<\/div>\n\t\t\t\t\t<\/div>\n\t\t<\/div>\n\t\t\t\t\t<\/div>\n\t\t<\/section>\n\t\t\t\t<section class=\"elementor-section elementor-top-section elementor-element elementor-element-c4bc349 elementor-section-boxed elementor-section-height-default elementor-section-height-default\" data-id=\"c4bc349\" data-element_type=\"section\" data-e-type=\"section\">\n\t\t\t\t\t\t<div class=\"elementor-container elementor-column-gap-default\">\n\t\t\t\t\t<div class=\"elementor-column elementor-col-100 elementor-top-column elementor-element elementor-element-aae35ed\" data-id=\"aae35ed\" data-element_type=\"column\" data-e-type=\"column\" data-settings=\"{&quot;background_background&quot;:&quot;classic&quot;,&quot;motion_fx_motion_fx_scrolling&quot;:&quot;yes&quot;,&quot;motion_fx_motion_fx_mouse&quot;:&quot;yes&quot;,&quot;motion_fx_devices&quot;:[&quot;desktop&quot;,&quot;tablet&quot;,&quot;mobile&quot;]}\">\n\t\t\t<div class=\"elementor-widget-wrap elementor-element-populated\">\n\t\t\t\t\t\t<div class=\"elementor-element elementor-element-bddcdbf tx-hd-align-left elementor-widget elementor-widget-avas-heading\" data-id=\"bddcdbf\" data-element_type=\"widget\" data-e-type=\"widget\" data-widget_type=\"avas-heading.default\">\n\t\t\t\t<div class=\"elementor-widget-container\">\n\t\t\t\t\t        <div class=\"tx-hd-wrap\">\n\n            <div class=\"tx-hd-wm\"><\/div>\n\n            \n            <div class=\"tx-hd-sub\"><\/div>\n                        <h3 class=\"tx-hd-title\">\n                <span class=\"tx-hd-first-part\"><\/span>\n                <span class=\"tx-hd-last-part\"><\/span>\n            <\/h3>    \n            \n            <div class=\"tx-hd-desc\"><p><b><i>Votre profil, vous \u00eates :<\/i><\/b><\/p>\n<ul class=\"AycZA bU4yt\">\n<li style=\"text-align: left\">Issu(e) d\u2019une formation du sup\u00e9rieur en informatique<\/li>\n<li style=\"text-align: left\">A l\u2019aise en anglais<\/li>\n<li style=\"text-align: left\">Dot\u00e9(e) d\u2019un bon relationnel, d\u2019autonomie et de rigueur<\/li>\n<li style=\"text-align: left\">Vous disposez d\u2019une exp\u00e9rience significative dans le d\u00e9veloppement Java (4 ans minimum )<\/li>\n<li style=\"text-align: left\">Vous maitrisez les technologies suivantes (liste non exhaustive) : Java, Angular, GIT, SQL, MongoDB\u2026<\/li>\n<\/ul>\n<p>Alors le poste de D\u00e9veloppeur Java Back - Full Stack est fait pour vous !\u00a0<\/p><\/div>\n\n\n                   \n        <\/div><!-- tx-hd-wrap -->\n\n\n\n\n\n\n\n\n\t\t\t\t<\/div>\n\t\t\t\t<\/div>\n\t\t\t\t\t<\/div>\n\t\t<\/div>\n\t\t\t\t\t<\/div>\n\t\t<\/section>\n\t\t\t\t<section class=\"elementor-section elementor-top-section elementor-element elementor-element-8429dc4 elementor-section-boxed elementor-section-height-default elementor-section-height-default\" data-id=\"8429dc4\" data-element_type=\"section\" data-e-type=\"section\">\n\t\t\t\t\t\t<div class=\"elementor-container elementor-column-gap-default\">\n\t\t\t\t\t<div class=\"elementor-column elementor-col-100 elementor-top-column elementor-element elementor-element-8920539\" data-id=\"8920539\" data-element_type=\"column\" data-e-type=\"column\">\n\t\t\t<div class=\"elementor-widget-wrap elementor-element-populated\">\n\t\t\t\t\t\t<div class=\"elementor-element elementor-element-9336d69 tx-hd-align-left elementor-widget elementor-widget-avas-heading\" data-id=\"9336d69\" data-element_type=\"widget\" data-e-type=\"widget\" data-widget_type=\"avas-heading.default\">\n\t\t\t\t<div class=\"elementor-widget-container\">\n\t\t\t\t\t        <div class=\"tx-hd-wrap\">\n\n            <div class=\"tx-hd-wm\"><\/div>\n\n            \n            <div class=\"tx-hd-sub\"><\/div>\n                        <h2 class=\"tx-hd-title\">\n                <span class=\"tx-hd-first-part\"><\/span>\n                <span class=\"tx-hd-last-part\"><\/span>\n            <\/h2>    \n            \n            <div class=\"tx-hd-desc\"><p><b><i>Votre mission en tant que D\u00e9veloppeur Java back Full Stack , vous aurez pour responsabilit\u00e9s :<\/i><\/b><\/p>\n<ul class=\"AycZA bU4yt\">\n<li style=\"text-align: left\">Des t\u00e2ches de d\u00e9veloppement sur des projets internes ou externes<\/li>\n<li style=\"text-align: left\">L\u2019analyse du besoin client et de la conception de solutions robustes et \u00e9volutives<\/li>\n<li style=\"text-align: left\">La r\u00e9daction des sp\u00e9cifications techniques<\/li>\n<li style=\"text-align: left\">La participation \u00e0 l\u2019int\u00e9gration et au d\u00e9ploiement de l\u2019application<\/li>\n<li style=\"text-align: left\">La programmation et le d\u00e9veloppement autour de l'environnement technologique Java, Angular, GIT, SQL, MongoDB\u2026<\/li>\n<\/ul><\/div>\n\n\n                   \n        <\/div><!-- tx-hd-wrap -->\n\n\n\n\n\n\n\n\n\t\t\t\t<\/div>\n\t\t\t\t<\/div>\n\t\t\t\t\t<\/div>\n\t\t<\/div>\n\t\t\t\t\t<\/div>\n\t\t<\/section>\n\t\t\t\t<section class=\"elementor-section elementor-top-section elementor-element elementor-element-59cc57f elementor-section-stretched elementor-section-boxed elementor-section-height-default elementor-section-height-default\" data-id=\"59cc57f\" data-element_type=\"section\" data-e-type=\"section\" data-settings=\"{&quot;stretch_section&quot;:&quot;section-stretched&quot;,&quot;background_background&quot;:&quot;slideshow&quot;,&quot;background_slideshow_gallery&quot;:[],&quot;background_slideshow_loop&quot;:&quot;yes&quot;,&quot;background_slideshow_slide_duration&quot;:5000,&quot;background_slideshow_slide_transition&quot;:&quot;fade&quot;,&quot;background_slideshow_transition_duration&quot;:500}\">\n\t\t\t\t\t\t\t<div class=\"elementor-background-overlay\"><\/div>\n\t\t\t\t\t\t\t<div class=\"elementor-container elementor-column-gap-default\">\n\t\t\t\t\t<div class=\"elementor-column elementor-col-100 elementor-top-column elementor-element elementor-element-8f73bc3\" data-id=\"8f73bc3\" data-element_type=\"column\" data-e-type=\"column\">\n\t\t\t<div class=\"elementor-widget-wrap elementor-element-populated\">\n\t\t\t\t\t\t<div class=\"elementor-element elementor-element-0a5b176 elementor-widget elementor-widget-heading\" data-id=\"0a5b176\" data-element_type=\"widget\" data-e-type=\"widget\" data-widget_type=\"heading.default\">\n\t\t\t\t<div class=\"elementor-widget-container\">\n\t\t\t\t\t<h2 class=\"elementor-heading-title elementor-size-default\">Postuler<\/h2>\t\t\t\t<\/div>\n\t\t\t\t<\/div>\n\t\t\t\t<div class=\"elementor-element elementor-element-960deca elementor-widget-divider--view-line_icon elementor-view-default elementor-widget-divider--element-align-center elementor-widget elementor-widget-divider\" data-id=\"960deca\" data-element_type=\"widget\" data-e-type=\"widget\" data-widget_type=\"divider.default\">\n\t\t\t\t<div class=\"elementor-widget-container\">\n\t\t\t\t\t\t\t<div class=\"elementor-divider\">\n\t\t\t<span class=\"elementor-divider-separator\">\n\t\t\t\t\t\t\t<div class=\"elementor-icon elementor-divider__element\">\n\t\t\t\t\t<i aria-hidden=\"true\" class=\"fas fa-angle-down\"><\/i><\/div>\n\t\t\t\t\t\t<\/span>\n\t\t<\/div>\n\t\t\t\t\t\t<\/div>\n\t\t\t\t<\/div>\n\t\t\t\t<div class=\"elementor-element elementor-element-4225aa0 elementor-button-align-center elementor-widget elementor-widget-form\" data-id=\"4225aa0\" data-element_type=\"widget\" data-e-type=\"widget\" data-settings=\"{&quot;step_next_label&quot;:&quot;Suivant&quot;,&quot;step_previous_label&quot;:&quot;Pr\\u00e9c\\u00e9dent&quot;,&quot;button_width&quot;:&quot;100&quot;,&quot;step_type&quot;:&quot;number_text&quot;,&quot;step_icon_shape&quot;:&quot;circle&quot;}\" data-widget_type=\"form.default\">\n\t\t\t\t<div class=\"elementor-widget-container\">\n\t\t\t\t\t\t\t<form class=\"elementor-form\" method=\"post\" name=\"Dev Java Back Fullstack\">\n\t\t\t<input type=\"hidden\" name=\"post_id\" value=\"1885\"\/>\n\t\t\t<input type=\"hidden\" name=\"form_id\" value=\"4225aa0\"\/>\n\t\t\t<input type=\"hidden\" name=\"referer_title\" value=\"Avikeo\" \/>\n\n\t\t\t\n\t\t\t<div class=\"elementor-form-fields-wrapper elementor-labels-above\">\n\t\t\t\t\t\t\t\t<div class=\"elementor-field-type-hidden elementor-field-group elementor-column elementor-field-group-offre elementor-col-100\">\n\t\t\t\t\t\t\t\t\t\t\t\t\t<input size=\"1\" type=\"hidden\" name=\"form_fields[offre]\" id=\"form-field-offre\" class=\"elementor-field elementor-size-sm  elementor-field-textual\">\n\t\t\t\t\t\t\t\t\t\t\t<\/div>\n\t\t\t\t\t\t\t\t<div class=\"elementor-field-type-text elementor-field-group elementor-column elementor-field-group-nom elementor-col-50 elementor-field-required elementor-mark-required\">\n\t\t\t\t\t\t\t\t\t\t\t\t<label for=\"form-field-nom\" class=\"elementor-field-label\">\n\t\t\t\t\t\t\t\tNom\t\t\t\t\t\t\t<\/label>\n\t\t\t\t\t\t\t\t\t\t\t\t\t\t<input size=\"1\" type=\"text\" name=\"form_fields[nom]\" id=\"form-field-nom\" class=\"elementor-field elementor-size-sm  elementor-field-textual\" placeholder=\"Nom\" required=\"required\">\n\t\t\t\t\t\t\t\t\t\t\t<\/div>\n\t\t\t\t\t\t\t\t<div class=\"elementor-field-type-text elementor-field-group elementor-column elementor-field-group-prenom elementor-col-50 elementor-field-required elementor-mark-required\">\n\t\t\t\t\t\t\t\t\t\t\t\t<label for=\"form-field-prenom\" class=\"elementor-field-label\">\n\t\t\t\t\t\t\t\tPr\u00e9nom\t\t\t\t\t\t\t<\/label>\n\t\t\t\t\t\t\t\t\t\t\t\t\t\t<input size=\"1\" type=\"text\" name=\"form_fields[prenom]\" id=\"form-field-prenom\" class=\"elementor-field elementor-size-sm  elementor-field-textual\" placeholder=\"Pr\u00e9nom\" required=\"required\">\n\t\t\t\t\t\t\t\t\t\t\t<\/div>\n\t\t\t\t\t\t\t\t<div class=\"elementor-field-type-email elementor-field-group elementor-column elementor-field-group-email elementor-col-100 elementor-field-required elementor-mark-required\">\n\t\t\t\t\t\t\t\t\t\t\t\t<label for=\"form-field-email\" class=\"elementor-field-label\">\n\t\t\t\t\t\t\t\tEmail\t\t\t\t\t\t\t<\/label>\n\t\t\t\t\t\t\t\t\t\t\t\t\t\t<input size=\"1\" type=\"email\" name=\"form_fields[email]\" id=\"form-field-email\" class=\"elementor-field elementor-size-sm  elementor-field-textual\" placeholder=\"Ton adresse mail pour que nous puissions te contacter\" required=\"required\">\n\t\t\t\t\t\t\t\t\t\t\t<\/div>\n\t\t\t\t\t\t\t\t<div class=\"elementor-field-type-textarea elementor-field-group elementor-column elementor-field-group-message elementor-col-100\">\n\t\t\t\t\t\t\t\t\t\t\t\t<label for=\"form-field-message\" class=\"elementor-field-label\">\n\t\t\t\t\t\t\t\tQuelques mots sur toi\t\t\t\t\t\t\t<\/label>\n\t\t\t\t\t\t<textarea class=\"elementor-field-textual elementor-field  elementor-size-sm\" name=\"form_fields[message]\" id=\"form-field-message\" rows=\"4\" placeholder=\"Pr\u00e9sente toi en quelques mots\"><\/textarea>\t\t\t\t<\/div>\n\t\t\t\t\t\t\t\t<div class=\"elementor-field-type-upload elementor-field-group elementor-column elementor-field-group-cv elementor-col-100 elementor-field-required elementor-mark-required\">\n\t\t\t\t\t\t\t\t\t\t\t\t<label for=\"form-field-cv\" class=\"elementor-field-label\">\n\t\t\t\t\t\t\t\tPour ton CV c'est par ici (ppt, word, pdf; max 1 Mo)\t\t\t\t\t\t\t<\/label>\n\t\t\t\t\t\t\t\t<input type=\"file\" name=\"form_fields[cv]\" id=\"form-field-cv\" class=\"elementor-field elementor-size-sm  elementor-upload-field\" required=\"required\" data-maxsize=\"1\" data-maxsize-message=\"Ce fichier d\u00e9passe la taille maximale autoris\u00e9e.\">\n\n\t\t\t\t\t\t<\/div>\n\t\t\t\t\t\t\t\t<div class=\"elementor-field-type-acceptance elementor-field-group elementor-column elementor-field-group-field_f9d2696 elementor-col-100 elementor-field-required elementor-mark-required\">\n\t\t\t\t\t\t\t<div class=\"elementor-field-subgroup\">\n\t\t\t<span class=\"elementor-field-option\">\n\t\t\t\t<input type=\"checkbox\" name=\"form_fields[field_f9d2696]\" id=\"form-field-field_f9d2696\" class=\"elementor-field elementor-size-sm  elementor-acceptance-field\" required=\"required\">\n\t\t\t\t<label for=\"form-field-field_f9d2696\">En cochant cette case vous acceptez notre <a id=\"avikeo_legals\" href=\"https:\/\/avikeo.com\/index.php\/mentions-legales\/\" target=\"_blank\">politique de confidentialit\u00e9<\/a><\/label>\t\t\t<\/span>\n\t\t<\/div>\n\t\t\t\t\t\t<\/div>\n\t\t\t\t\t\t\t\t<div class=\"elementor-field-type-recaptcha_v3 elementor-field-group elementor-column elementor-field-group-field_5b1a424 elementor-col-100 recaptcha_v3-inline\">\n\t\t\t\t\t<div class=\"elementor-field\" id=\"form-field-field_5b1a424\"><div class=\"elementor-g-recaptcha\" data-sitekey=\"6Lcfo1giAAAAAAYWaNOtpEwOdfSd2RKmH2SXH5cC\" data-type=\"v3\" data-action=\"Form\" data-badge=\"inline\" data-size=\"invisible\"><\/div><\/div>\t\t\t\t<\/div>\n\t\t\t\t\t\t\t\t<div class=\"elementor-field-group elementor-column elementor-field-type-submit elementor-col-100 e-form__buttons\">\n\t\t\t\t\t<button class=\"elementor-button elementor-size-sm\" type=\"submit\">\n\t\t\t\t\t\t<span class=\"elementor-button-content-wrapper\">\n\t\t\t\t\t\t\t\t\t\t\t\t\t\t\t\t\t\t\t\t\t\t<span class=\"elementor-button-text\">Envoyer<\/span>\n\t\t\t\t\t\t\t\t\t\t\t\t\t<\/span>\n\t\t\t\t\t<\/button>\n\t\t\t\t<\/div>\n\t\t\t<\/div>\n\t\t<\/form>\n\t\t\t\t\t\t<\/div>\n\t\t\t\t<\/div>\n\t\t\t\t\t<\/div>\n\t\t<\/div>\n\t\t\t\t\t<\/div>\n\t\t<\/section>\n\t\t\t\t<section class=\"elementor-section elementor-top-section elementor-element elementor-element-757911d elementor-section-boxed elementor-section-height-default elementor-section-height-default\" data-id=\"757911d\" data-element_type=\"section\" data-e-type=\"section\">\n\t\t\t\t\t\t<div class=\"elementor-container elementor-column-gap-default\">\n\t\t\t\t\t<div class=\"elementor-column elementor-col-100 elementor-top-column elementor-element elementor-element-3482b6e\" data-id=\"3482b6e\" data-element_type=\"column\" data-e-type=\"column\">\n\t\t\t<div class=\"elementor-widget-wrap elementor-element-populated\">\n\t\t\t\t\t\t<div class=\"elementor-element elementor-element-14214f0 elementor-align-center elementor-widget elementor-widget-button\" data-id=\"14214f0\" data-element_type=\"widget\" data-e-type=\"widget\" data-widget_type=\"button.default\">\n\t\t\t\t<div class=\"elementor-widget-container\">\n\t\t\t\t\t\t\t\t\t<div class=\"elementor-button-wrapper\">\n\t\t\t\t\t<a class=\"elementor-button elementor-button-link elementor-size-md\" href=\"https:\/\/avikeo.com\/index.php\/rejoignez-nous\/#offres_emploi\">\n\t\t\t\t\t\t<span class=\"elementor-button-content-wrapper\">\n\t\t\t\t\t\t\t\t\t<span class=\"elementor-button-text\">Revenir aux offres<\/span>\n\t\t\t\t\t<\/span>\n\t\t\t\t\t<\/a>\n\t\t\t\t<\/div>\n\t\t\t\t\t\t\t\t<\/div>\n\t\t\t\t<\/div>\n\t\t\t\t\t<\/div>\n\t\t<\/div>\n\t\t\t\t\t<\/div>\n\t\t<\/section>\n\t\t\t\t<\/div>\n\t\t","protected":false},"excerpt":{"rendered":"<p class=\"tx-excerpt\">D\u00e9veloppeur Java back \/ full stack (H\/F) Votre profil, vous \u00eates : Issu(e) d\u2019une formation du sup\u00e9rieur en informatique A l\u2019aise en anglais Dot\u00e9(e) d\u2019un bon relationnel, d\u2019autonomie et de rigueur Vous disposez","protected":false},"author":1,"featured_media":0,"parent":0,"menu_order":0,"comment_status":"closed","ping_status":"closed","template":"","meta":{"_monsterinsights_skip_tracking":false,"_monsterinsights_sitenote_active":false,"_monsterinsights_sitenote_note":"","_monsterinsights_sitenote_category":0,"footnotes":""},"class_list":["post-1885","page","type-page","status-publish","hentry"],"yoast_head":"<!-- This site is optimized with the Yoast SEO plugin v24.6 - https:\/\/yoast.com\/wordpress\/plugins\/seo\/ -->\n<title>D\u00e9veloppeur Java Full Stack - CDI ou Alternance<\/title>\n<meta name=\"description\" content=\"D\u00e9veloppeur Java Back \/ Full Stack : Rejoignez notre \u00e9quipe et cr\u00e9ez des applications performantes. Postulez d\u00e8s maintenant !\" \/>\n<meta name=\"robots\" content=\"index, follow, max-snippet:-1, max-image-preview:large, max-video-preview:-1\" \/>\n<link rel=\"canonical\" href=\"https:\/\/avikeo.com\/index.php\/developpeur-java-back-full-stack\/\" \/>\n<meta property=\"og:locale\" content=\"fr_FR\" \/>\n<meta property=\"og:type\" content=\"article\" \/>\n<meta property=\"og:title\" content=\"D\u00e9veloppeur Java Full Stack - CDI ou Alternance\" \/>\n<meta property=\"og:description\" content=\"D\u00e9veloppeur Java Back \/ Full Stack : Rejoignez notre \u00e9quipe et cr\u00e9ez des applications performantes. Postulez d\u00e8s maintenant !\" \/>\n<meta property=\"og:url\" content=\"https:\/\/avikeo.com\/index.php\/developpeur-java-back-full-stack\/\" \/>\n<meta property=\"og:site_name\" content=\"Avikeo\" \/>\n<meta property=\"article:modified_time\" content=\"2025-03-14T09:44:54+00:00\" \/>\n<meta name=\"twitter:card\" content=\"summary_large_image\" \/>\n<meta name=\"twitter:label1\" content=\"Dur\u00e9e de lecture estim\u00e9e\" \/>\n\t<meta name=\"twitter:data1\" content=\"1 minute\" \/>\n<script type=\"application\/ld+json\" class=\"yoast-schema-graph\">{\"@context\":\"https:\/\/schema.org\",\"@graph\":[{\"@type\":\"WebPage\",\"@id\":\"https:\/\/avikeo.com\/index.php\/developpeur-java-back-full-stack\/\",\"url\":\"https:\/\/avikeo.com\/index.php\/developpeur-java-back-full-stack\/\",\"name\":\"D\u00e9veloppeur Java Full Stack - CDI ou Alternance\",\"isPartOf\":{\"@id\":\"https:\/\/avikeo.com\/#website\"},\"datePublished\":\"2022-11-15T11:36:21+00:00\",\"dateModified\":\"2025-03-14T09:44:54+00:00\",\"description\":\"D\u00e9veloppeur Java Back \/ Full Stack : Rejoignez notre \u00e9quipe et cr\u00e9ez des applications performantes. Postulez d\u00e8s maintenant !\",\"breadcrumb\":{\"@id\":\"https:\/\/avikeo.com\/index.php\/developpeur-java-back-full-stack\/#breadcrumb\"},\"inLanguage\":\"fr-FR\",\"potentialAction\":[{\"@type\":\"ReadAction\",\"target\":[\"https:\/\/avikeo.com\/index.php\/developpeur-java-back-full-stack\/\"]}]},{\"@type\":\"BreadcrumbList\",\"@id\":\"https:\/\/avikeo.com\/index.php\/developpeur-java-back-full-stack\/#breadcrumb\",\"itemListElement\":[{\"@type\":\"ListItem\",\"position\":1,\"name\":\"Accueil\",\"item\":\"https:\/\/avikeo.com\/\"},{\"@type\":\"ListItem\",\"position\":2,\"name\":\"D\u00e9veloppeur Java Back \/ Full Stack H\/F &#8211; Alternance ou CDI\"}]},{\"@type\":\"WebSite\",\"@id\":\"https:\/\/avikeo.com\/#website\",\"url\":\"https:\/\/avikeo.com\/\",\"name\":\"Avikeo\",\"description\":\"Conseil et D\u00e9veloppement Digital\",\"publisher\":{\"@id\":\"https:\/\/avikeo.com\/#organization\"},\"inLanguage\":\"fr-FR\"},{\"@type\":\"Organization\",\"@id\":\"https:\/\/avikeo.com\/#organization\",\"name\":\"Avikeo\",\"url\":\"https:\/\/avikeo.com\/\",\"logo\":{\"@type\":\"ImageObject\",\"inLanguage\":\"fr-FR\",\"@id\":\"https:\/\/avikeo.com\/#\/schema\/logo\/image\/\",\"url\":\"https:\/\/avikeo.com\/wp-content\/uploads\/2022\/03\/base_logo_transparent_background.png\",\"contentUrl\":\"https:\/\/avikeo.com\/wp-content\/uploads\/2022\/03\/base_logo_transparent_background.png\",\"width\":3125,\"height\":1875,\"caption\":\"Avikeo\"},\"image\":{\"@id\":\"https:\/\/avikeo.com\/#\/schema\/logo\/image\/\"},\"sameAs\":[\"https:\/\/www.linkedin.com\/company\/avikeo\/about\/\"]}]}<\/script>\n<!-- \/ Yoast SEO plugin. -->","yoast_head_json":{"title":"D\u00e9veloppeur Java Full Stack - CDI ou Alternance","description":"D\u00e9veloppeur Java Back \/ Full Stack : Rejoignez notre \u00e9quipe et cr\u00e9ez des applications performantes. Postulez d\u00e8s maintenant !","robots":{"index":"index","follow":"follow","max-snippet":"max-snippet:-1","max-image-preview":"max-image-preview:large","max-video-preview":"max-video-preview:-1"},"canonical":"https:\/\/avikeo.com\/index.php\/developpeur-java-back-full-stack\/","og_locale":"fr_FR","og_type":"article","og_title":"D\u00e9veloppeur Java Full Stack - CDI ou Alternance","og_description":"D\u00e9veloppeur Java Back \/ Full Stack : Rejoignez notre \u00e9quipe et cr\u00e9ez des applications performantes. Postulez d\u00e8s maintenant !","og_url":"https:\/\/avikeo.com\/index.php\/developpeur-java-back-full-stack\/","og_site_name":"Avikeo","article_modified_time":"2025-03-14T09:44:54+00:00","twitter_card":"summary_large_image","twitter_misc":{"Dur\u00e9e de lecture estim\u00e9e":"1 minute"},"schema":{"@context":"https:\/\/schema.org","@graph":[{"@type":"WebPage","@id":"https:\/\/avikeo.com\/index.php\/developpeur-java-back-full-stack\/","url":"https:\/\/avikeo.com\/index.php\/developpeur-java-back-full-stack\/","name":"D\u00e9veloppeur Java Full Stack - CDI ou Alternance","isPartOf":{"@id":"https:\/\/avikeo.com\/#website"},"datePublished":"2022-11-15T11:36:21+00:00","dateModified":"2025-03-14T09:44:54+00:00","description":"D\u00e9veloppeur Java Back \/ Full Stack : Rejoignez notre \u00e9quipe et cr\u00e9ez des applications performantes. Postulez d\u00e8s maintenant !","breadcrumb":{"@id":"https:\/\/avikeo.com\/index.php\/developpeur-java-back-full-stack\/#breadcrumb"},"inLanguage":"fr-FR","potentialAction":[{"@type":"ReadAction","target":["https:\/\/avikeo.com\/index.php\/developpeur-java-back-full-stack\/"]}]},{"@type":"BreadcrumbList","@id":"https:\/\/avikeo.com\/index.php\/developpeur-java-back-full-stack\/#breadcrumb","itemListElement":[{"@type":"ListItem","position":1,"name":"Accueil","item":"https:\/\/avikeo.com\/"},{"@type":"ListItem","position":2,"name":"D\u00e9veloppeur Java Back \/ Full Stack H\/F &#8211; Alternance ou CDI"}]},{"@type":"WebSite","@id":"https:\/\/avikeo.com\/#website","url":"https:\/\/avikeo.com\/","name":"Avikeo","description":"Conseil et D\u00e9veloppement Digital","publisher":{"@id":"https:\/\/avikeo.com\/#organization"},"inLanguage":"fr-FR"},{"@type":"Organization","@id":"https:\/\/avikeo.com\/#organization","name":"Avikeo","url":"https:\/\/avikeo.com\/","logo":{"@type":"ImageObject","inLanguage":"fr-FR","@id":"https:\/\/avikeo.com\/#\/schema\/logo\/image\/","url":"https:\/\/avikeo.com\/wp-content\/uploads\/2022\/03\/base_logo_transparent_background.png","contentUrl":"https:\/\/avikeo.com\/wp-content\/uploads\/2022\/03\/base_logo_transparent_background.png","width":3125,"height":1875,"caption":"Avikeo"},"image":{"@id":"https:\/\/avikeo.com\/#\/schema\/logo\/image\/"},"sameAs":["https:\/\/www.linkedin.com\/company\/avikeo\/about\/"]}]}},"_links":{"self":[{"href":"https:\/\/avikeo.com\/index.php\/wp-json\/wp\/v2\/pages\/1885","targetHints":{"allow":["GET"]}}],"collection":[{"href":"https:\/\/avikeo.com\/index.php\/wp-json\/wp\/v2\/pages"}],"about":[{"href":"https:\/\/avikeo.com\/index.php\/wp-json\/wp\/v2\/types\/page"}],"author":[{"embeddable":true,"href":"https:\/\/avikeo.com\/index.php\/wp-json\/wp\/v2\/users\/1"}],"replies":[{"embeddable":true,"href":"https:\/\/avikeo.com\/index.php\/wp-json\/wp\/v2\/comments?post=1885"}],"version-history":[{"count":44,"href":"https:\/\/avikeo.com\/index.php\/wp-json\/wp\/v2\/pages\/1885\/revisions"}],"predecessor-version":[{"id":3462,"href":"https:\/\/avikeo.com\/index.php\/wp-json\/wp\/v2\/pages\/1885\/revisions\/3462"}],"wp:attachment":[{"href":"https:\/\/avikeo.com\/index.php\/wp-json\/wp\/v2\/media?parent=1885"}],"curies":[{"name":"wp","href":"https:\/\/api.w.org\/{rel}","templated":true}]}}